{"id":93,"date":"2018-11-16T19:54:53","date_gmt":"2018-11-16T18:54:53","guid":{"rendered":"https:\/\/ib-przywecki.de\/pl?page_id=93"},"modified":"2018-12-19T19:42:38","modified_gmt":"2018-12-19T18:42:38","slug":"ochrona-danych","status":"publish","type":"page","link":"https:\/\/ib-przywecki.de\/pl\/ochrona-danych\/","title":{"rendered":"Ochrona Danych"},"content":{"rendered":"<div id=\"pl-93\"  class=\"panel-layout\" ><div id=\"pg-93-0\"  class=\"panel-grid panel-has-style\" ><div class=\"panel-row-style panel-row-style-for-93-0\" ><div id=\"pgc-93-0-0\"  class=\"panel-grid-cell\" ><div id=\"panel-93-0-0-0\" class=\"so-panel widget widget_sow-editor panel-first-child panel-last-child\" data-index=\"0\" ><div class=\"so-widget-sow-editor so-widget-sow-editor-base\">\n<div class=\"siteorigin-widget-tinymce textwidget\">\n\t<p>Siedziba firmy jest w Niemczech. Strona dotycz\u0105ca ochrony danych opiera si\u0119 na prawie niemieckim i dlatego jest zapisana po niemiecku.<\/p>\n<h2>Verantwortlich im Sinne der DSGVO <\/h2>\n<p>Wojciech Przywecki<\/p>\n<h2>Erhebung personenbezogener Daten<\/h2>\n<p>Im Folgenden informieren wir \u00fcber die Erhebung personenbezogener Daten bei Nutzung unserer Website. Personenbezogene Daten sind alle Daten, die auf Sie pers\u00f6nlich beziehbar sind, z. B. Name, Adresse, E-Mail-Adressen, Nutzerverhalten.<\/p>\n<h2>Datenrechte<\/h2>\n<p><strong>Auskunftsrecht<\/strong>: Sie k\u00f6nnen von uns jederzeit Auskunft \u00fcber die Daten erhalten, welche wir zu Ihrer Person gespeichert haben. <\/p>\n<p><strong>Recht auf Berichtigung<\/strong>: Fehler in den zu Ihrer Person von uns gespeicherten Daten korrigieren wird auf Ihre Anforderung hin. <\/p>\n<p><strong>Recht auf L\u00f6schung<\/strong>: Wir l\u00f6schen die zu Ihrer Person von uns gespeicherten Daten auf Ihre Anforderung hin, sofern dem keinen gesetzliche Vorschriften zur Speicherung von Daten aus Gesch\u00e4ftsvorf\u00e4llen (Aufbewahrungsfristen) entgegenstehen. <\/p>\n<p><strong>Recht auf Einschr\u00e4nkung der Verarbeitung<\/strong>: Sie haben das Recht, von uns die Einschr\u00e4nkung der Verarbeitung der zu Ihrer Person von uns gespeicherten Daten zu verlangen, wenn eine der Voraussetzungen nach Artikel 18 \u2013DSGVO daf\u00fcr gegeben ist.<\/p>\n<p>Zur Einforderung Ihrer Datenrechte senden Sie uns bitte eine schriftliche Mitteilung an: <\/p>\n<table class=contactdata>\n<tbody>\n<tr>\n<td class=col0><strong> Ingenieurb\u00fcro Dipl.-Ing. Przywecki und Partner<\/strong><\/td>\n<\/tr>\n<tr>\n<td class=col0>Industriestra\u00dfe 31<\/td>\n<\/tr>\n<tr>\n<td class=col0>D-82194 Gr\u00f6benzell<\/td>\n<\/tr>\n<tr>\n<td class=col1>E-Mail<\/td>\n<td class=col2><a href=\"mailto:wp@ib-przywecki.de\">wp@ib-przywecki.de<\/a><\/td>\n<\/tr>\n<\/tbody>\n<\/table>\n<h2>Aufbewahrungsfristen und L\u00f6schung<\/h2>\n<p>Ihre personenbezogenen Daten werden von uns nur so lange gespeichert, wie dies zur Erreichung des mit der Speicherung verbundenen Zwecks erforderlich ist. Dieser Zweck kann sich auch durch gesetzliche Vorgaben ergeben (Aufbewahrungsfristen f\u00fcr Daten zu Dokumentationszwecken). <\/p>\n<p>Nach Fortfall des jeweiligen Zweckes bzw. des Ablaufs der gesetzlichen Aufbewahrungsfristen werden die entsprechenden Daten routinem\u00e4\u00dfig gel\u00f6scht.<\/p>\n<h2>Weitergabe der Daten an Dritte<\/h2>\n<p class=\"listcaption\">Eine \u00dcbermittlung Ihrer pers\u00f6nlichen Daten an Dritte finden in der Regel nicht statt. Ausnahmen:<\/p>\n<ul>\n<li>Sie haben Ihre ausdr\u00fcckliche Einwilligung dazu erteilt<\/li>\n<li>Die Datenweitergabe ist zur Abwicklung eines Vertrags mit Ihnen erforderlich<\/li>\n<li>Die Datenweitergabe ist zur Erf\u00fcllung einer rechtlichen Verpflichtung erforderlich<\/li>\n<li>Die Datenweitergabe ist zur Wahrung berechtigter Interessen erforderlich<\/li>\n<li>Es besteht kein Grund zur Annahme, dass Sie ein \u00fcberwiegendes schutzw\u00fcrdiges Interesse an der Nichtweitergabe Ihrer Daten haben<\/li>\n<\/ul>\n<\/div>\n<\/div><\/div><\/div><div id=\"pgc-93-0-1\"  class=\"panel-grid-cell\" ><div id=\"panel-93-0-1-0\" class=\"so-panel widget widget_sow-editor panel-first-child panel-last-child\" data-index=\"1\" ><div class=\"so-widget-sow-editor so-widget-sow-editor-base\">\n<div class=\"siteorigin-widget-tinymce textwidget\">\n\t<h2>Erfassung allgemeiner Informationen<\/h2>\n<p>Bei der Benutzung dieser Webseite werden automatisch Informationen allgemeiner Natur erfasst. Beispiele sind die Art des Webbrowsers, das verwendete Betriebssystem, die bevorzugte Sprache und \u00c4hnliches. <\/p>\n<p>Es handelt sich dabei ausschlie\u00dflich um Informationen, \u00fcber welche keine R\u00fcckschl\u00fcsse auf die Person des Benutzers m\u00f6glich sind. Informationen dieser Art sind technisch erforderlich, um die angeforderten Inhalte korrekt auszuliefern. Sie werden von uns gelegentlich statistisch ausgewertet, um unseren Internetauftritt und die dahinterstehende Technik f\u00fcr die verschiedenen Zugriffsszenarien zu optimieren.<\/p>\n<h2>Google Maps<\/h2>\n<p>Diese Webseite verwendet den Dienst \u201eGoogle Maps\u201c um Landkarten darzustellen. Bei der Nutzung dieses Dienstes werden von der Firma Google auch Daten \u00fcber die Nutzung der Kartenfunktionen durch Besucher erhoben, verarbeitet und genutzt. <\/p>\n<p>N\u00e4here Informationen \u00fcber die Datenverarbeitung durch Google k\u00f6nnen Sie <a href=\"https:\/\/www.google.com\/privacypolicy.html\" target=blank>den Google-Datenschutzhinweisen<\/a> entnehmen. \u00dcber diesen Link k\u00f6nnen Sie auch Ihre pers\u00f6nlichen Datenschutz-Einstellungen ver\u00e4ndern. Ausf\u00fchrliche Anleitungen dazu <a href=\"https:\/\/www.dataliberation.org\" target=blank>finden Sie hier<\/a>.<\/p>\n<h2> Google Webfonts <\/h2>\n<p>Um unsere Inhalte browser\u00fcbergreifend korrekt und grafisch ansprechend darzustellen, verwenden wir auf dieser Website Schriftbibliotheken von <a href=\"https:\/\/www.google.com\/webfonts\" target=blank>Google Webfonts<\/a>. Diese werden zur Vermeidung mehrfachen Ladens in den Cache Ihres Browsers \u00fcbertragen. Falls der Browser die Google Webfonts nicht unterst\u00fctzt oder den Zugriff unterbindet, werden Inhalte in einer Standardschrift angezeigt.<\/p>\n<p>Der Aufruf von Schriftbibliotheken l\u00f6st automatisch eine Verbindung zum Betreiber der Bibliothek aus. Dabei ist es theoretisch m\u00f6glich, dass der Betreiber der Bibliotheken Daten erhebt \u2013 aktuell allerdings unklar, ob und zu welchen Zwecken.<\/p>\n<p>Die Datenschutzrichtlinie des Bibliothekbetreibers Google finden Sie hier: <a href=\"https:\/\/www.google.com\/policies\/privacy\" target=blank> google.com\/policies\/privacy<\/a><\/p>\n<h2>\u00c4nderungen<\/h2>\n<p>Wir behalten uns vor, diese Datenschutzerkl\u00e4rung jederzeit anzupassen um aktuellen rechtlichen Anforderungen Gen\u00fcge zu leisten oder um \u00c4nderungen an der Website datenschutzrechtlich zu ber\u00fccksichtigen. Bei einem erneuten Besuch unserer Website gilt dann die neue Datenschutzerkl\u00e4rung.<\/p>\n<h3>Stand: November 2018<\/h3>\n<\/div>\n<\/div><\/div><\/div><\/div><\/div><\/div>","protected":false},"excerpt":{"rendered":"<p>Siedziba firmy jest w Niemczech. Strona dotycz\u0105ca ochrony danych opiera si\u0119 na prawie niemieckim i dlatego jest zapisana po niemiecku. Verantwortlich im Sinne der DSGVO Wojciech Przywecki Erhebung personenbezogener Daten Im Folgenden informieren wir \u00fcber die Erhebung personenbezogener Daten bei<\/p>\n","protected":false},"author":1,"featured_media":0,"parent":0,"menu_order":0,"comment_status":"closed","ping_status":"closed","template":"","meta":[],"_links":{"self":[{"href":"https:\/\/ib-przywecki.de\/pl\/wp-json\/wp\/v2\/pages\/93"}],"collection":[{"href":"https:\/\/ib-przywecki.de\/pl\/wp-json\/wp\/v2\/pages"}],"about":[{"href":"https:\/\/ib-przywecki.de\/pl\/wp-json\/wp\/v2\/types\/page"}],"author":[{"embeddable":true,"href":"https:\/\/ib-przywecki.de\/pl\/wp-json\/wp\/v2\/users\/1"}],"replies":[{"embeddable":true,"href":"https:\/\/ib-przywecki.de\/pl\/wp-json\/wp\/v2\/comments?post=93"}],"version-history":[{"count":4,"href":"https:\/\/ib-przywecki.de\/pl\/wp-json\/wp\/v2\/pages\/93\/revisions"}],"predecessor-version":[{"id":147,"href":"https:\/\/ib-przywecki.de\/pl\/wp-json\/wp\/v2\/pages\/93\/revisions\/147"}],"wp:attachment":[{"href":"https:\/\/ib-przywecki.de\/pl\/wp-json\/wp\/v2\/media?parent=93"}],"curies":[{"name":"wp","href":"https:\/\/api.w.org\/{rel}","templated":true}]}}