{"id":22,"date":"2018-01-15T16:49:10","date_gmt":"2018-01-15T15:49:10","guid":{"rendered":"https:\/\/ib-przywecki.de\/pl?page_id=22"},"modified":"2018-12-19T13:42:48","modified_gmt":"2018-12-19T12:42:48","slug":"ekspertyzy","status":"publish","type":"page","link":"https:\/\/ib-przywecki.de\/pl\/zakres-uslug\/ekspertyzy\/","title":{"rendered":"Ekspertyzy"},"content":{"rendered":"<div id=\"pl-22\"  class=\"panel-layout\" ><div id=\"pg-22-0\"  class=\"panel-grid panel-has-style\" ><div class=\"panel-row-style panel-row-style-for-22-0\" ><div id=\"pgc-22-0-0\"  class=\"panel-grid-cell\" ><div id=\"panel-22-0-0-0\" class=\"so-panel widget widget_sow-editor panel-first-child panel-last-child\" data-index=\"0\" ><div class=\"so-widget-sow-editor so-widget-sow-editor-base\">\n<div class=\"siteorigin-widget-tinymce textwidget\">\n\t<p><img class=\"Fill\" src=\"\/wp-content\/uploads\/2018\/12\/Gutachten.jpg\" alt=\"Biuro in\u017cynierskie Dipl.-Ing. Przywecki & Partner und Partner \u2013 Ekspertyzy\" \/><\/p>\n<\/div>\n<\/div><\/div><\/div><div id=\"pgc-22-0-1\"  class=\"panel-grid-cell\" ><div id=\"panel-22-0-1-0\" class=\"so-panel widget widget_sow-editor panel-first-child panel-last-child\" data-index=\"1\" ><div class=\"so-widget-sow-editor so-widget-sow-editor-base\">\n<div class=\"siteorigin-widget-tinymce textwidget\">\n\t<p><img class=\"Fill7 widescreen\" src=\"\/wp-content\/uploads\/2018\/01\/Raumspanner1.jpg\" alt=\"Ingenieurb\u00fcro Dipl.-Ing. Przywecki und Partner\" \/><\/p>\n<p>Wykonujemy fachowe ekspertyzy w dziedzinie oczyszczalni \u015bciek\u00f3w i pompowni \u015bciek\u00f3w.<\/p>\n<\/div>\n<\/div><\/div><\/div><\/div><\/div><\/div>","protected":false},"excerpt":{"rendered":"<p>Wykonujemy fachowe ekspertyzy w dziedzinie oczyszczalni \u015bciek\u00f3w i pompowni \u015bciek\u00f3w.<\/p>\n","protected":false},"author":1,"featured_media":0,"parent":6,"menu_order":0,"comment_status":"closed","ping_status":"closed","template":"","meta":[],"_links":{"self":[{"href":"https:\/\/ib-przywecki.de\/pl\/wp-json\/wp\/v2\/pages\/22"}],"collection":[{"href":"https:\/\/ib-przywecki.de\/pl\/wp-json\/wp\/v2\/pages"}],"about":[{"href":"https:\/\/ib-przywecki.de\/pl\/wp-json\/wp\/v2\/types\/page"}],"author":[{"embeddable":true,"href":"https:\/\/ib-przywecki.de\/pl\/wp-json\/wp\/v2\/users\/1"}],"replies":[{"embeddable":true,"href":"https:\/\/ib-przywecki.de\/pl\/wp-json\/wp\/v2\/comments?post=22"}],"version-history":[{"count":8,"href":"https:\/\/ib-przywecki.de\/pl\/wp-json\/wp\/v2\/pages\/22\/revisions"}],"predecessor-version":[{"id":143,"href":"https:\/\/ib-przywecki.de\/pl\/wp-json\/wp\/v2\/pages\/22\/revisions\/143"}],"up":[{"embeddable":true,"href":"https:\/\/ib-przywecki.de\/pl\/wp-json\/wp\/v2\/pages\/6"}],"wp:attachment":[{"href":"https:\/\/ib-przywecki.de\/pl\/wp-json\/wp\/v2\/media?parent=22"}],"curies":[{"name":"wp","href":"https:\/\/api.w.org\/{rel}","templated":true}]}}