{"id":20,"date":"2018-01-15T16:48:52","date_gmt":"2018-01-15T15:48:52","guid":{"rendered":"https:\/\/ib-przywecki.de\/pl?page_id=20"},"modified":"2018-11-16T21:17:58","modified_gmt":"2018-11-16T20:17:58","slug":"drogi-i-ulice","status":"publish","type":"page","link":"https:\/\/ib-przywecki.de\/pl\/zakres-uslug\/drogi-i-ulice\/","title":{"rendered":"Drogi i ulice"},"content":{"rendered":"<div id=\"pl-20\"  class=\"panel-layout\" ><div id=\"pg-20-0\"  class=\"panel-grid panel-has-style\" ><div class=\"panel-row-style panel-row-style-for-20-0\" ><div id=\"pgc-20-0-0\"  class=\"panel-grid-cell\" ><div id=\"panel-20-0-0-0\" class=\"so-panel widget widget_sow-editor panel-first-child panel-last-child\" data-index=\"0\" ><div class=\"so-widget-sow-editor so-widget-sow-editor-base\">\n<div class=\"siteorigin-widget-tinymce textwidget\">\n\t<p><img class=\"Fill9\" src=\"\/wp-content\/uploads\/sites\/2\/2018\/11\/Stra\u00dfen-und-Wege-PL.jpg\" alt=\"Biuro in\u017cynierskie Dipl.-Ing. Przywecki & Partner und Partner \u2013 Drogi i ulice\" \/><\/p>\n<\/div>\n<\/div><\/div><\/div><div id=\"pgc-20-0-1\"  class=\"panel-grid-cell\" ><div id=\"panel-20-0-1-0\" class=\"so-panel widget widget_sow-editor panel-first-child panel-last-child\" data-index=\"1\" ><div class=\"so-widget-sow-editor so-widget-sow-editor-base\">\n<div class=\"siteorigin-widget-tinymce textwidget\">\n\t<p>Mamy bogate do\u015bwiadczenie w projektowaniu dr\u00f3g i ulic (projektowanie i nadz\u00f3r):<\/p>\n<ul>\n<li>Projektowanie dr\u00f3g i ulic w nowych osiedlach<\/li>\n<li>W\u0119z\u0142y komunikacyjne na szosach<\/li>\n<li>Ronda<\/li>\n<li>Parkingi dla supermarket\u00f3w<\/li>\n<li>Renowacja dr\u00f3g i ulic<\/li>\n<\/ul>\n<\/div>\n<\/div><\/div><\/div><\/div><\/div><\/div>","protected":false},"excerpt":{"rendered":"<p>Mamy bogate do\u015bwiadczenie w projektowaniu dr\u00f3g i ulic (projektowanie i nadz\u00f3r): Projektowanie dr\u00f3g i ulic w nowych osiedlach W\u0119z\u0142y komunikacyjne na szosach Ronda Parkingi dla supermarket\u00f3w Renowacja dr\u00f3g i ulic<\/p>\n","protected":false},"author":1,"featured_media":0,"parent":6,"menu_order":0,"comment_status":"closed","ping_status":"closed","template":"","meta":[],"_links":{"self":[{"href":"https:\/\/ib-przywecki.de\/pl\/wp-json\/wp\/v2\/pages\/20"}],"collection":[{"href":"https:\/\/ib-przywecki.de\/pl\/wp-json\/wp\/v2\/pages"}],"about":[{"href":"https:\/\/ib-przywecki.de\/pl\/wp-json\/wp\/v2\/types\/page"}],"author":[{"embeddable":true,"href":"https:\/\/ib-przywecki.de\/pl\/wp-json\/wp\/v2\/users\/1"}],"replies":[{"embeddable":true,"href":"https:\/\/ib-przywecki.de\/pl\/wp-json\/wp\/v2\/comments?post=20"}],"version-history":[{"count":5,"href":"https:\/\/ib-przywecki.de\/pl\/wp-json\/wp\/v2\/pages\/20\/revisions"}],"predecessor-version":[{"id":109,"href":"https:\/\/ib-przywecki.de\/pl\/wp-json\/wp\/v2\/pages\/20\/revisions\/109"}],"up":[{"embeddable":true,"href":"https:\/\/ib-przywecki.de\/pl\/wp-json\/wp\/v2\/pages\/6"}],"wp:attachment":[{"href":"https:\/\/ib-przywecki.de\/pl\/wp-json\/wp\/v2\/media?parent=20"}],"curies":[{"name":"wp","href":"https:\/\/api.w.org\/{rel}","templated":true}]}}