{"id":2,"date":"2018-01-15T16:22:31","date_gmt":"2018-01-15T15:22:31","guid":{"rendered":"https:\/\/ib-przywecki.de\/pl?page_id=2"},"modified":"2018-12-19T12:00:02","modified_gmt":"2018-12-19T11:00:02","slug":"startseite","status":"publish","type":"page","link":"https:\/\/ib-przywecki.de\/pl\/","title":{"rendered":"Strona G\u0142\u00f3wna"},"content":{"rendered":"<div id=\"pl-2\"  class=\"panel-layout\" ><div id=\"pg-2-0\"  class=\"panel-grid panel-no-style\" ><div id=\"pgc-2-0-0\"  class=\"panel-grid-cell\" ><div id=\"panel-2-0-0-0\" class=\"widget_text so-panel widget widget_custom_html panel-first-child panel-last-child\" data-index=\"0\" ><div class=\"textwidget custom-html-widget\"><div class='Drittelseite'><a class=\"tilea01\" href=\"\/zakres-uslug\/oczyszczalnie-sciekow\/\"><div class=\"frame\"><img class=Fill src=\"\/wp-content\/uploads\/2018\/11\/Button-Kl\u00e4ranlagen.jpg\"alt=\"Ingenieur Dienstleistungen zu Kl\u00e4ranlagen von Ingenieurb\u00fcro Dipl.-Ing. Przywecki und Partner\" ><div class=\"anim\"><h3 class=\"ueberschrift\">Oczyszczalnia \u015bciek\u00f3w<\/h3><h4 class=\"unterschrift\">>> Wi\u0119cej<\/h4><\/div><\/div><\/a><\/div>\n\n<div class='Drittelseite'><a class=\"tilea01\" href=\"\/zakres-uslug\/kanalizacja\/\"><div class=\"frame\"><img class=Fill src=\"\/wp-content\/uploads\/2018\/11\/Button-Kanalisation.jpg\"alt=\"Ingenieur Dienstleistungen zur Kanalisation von Ingenieurb\u00fcro Dipl.-Ing. Przywecki und Partner\" ><div class=\"anim\"><h3 class=\"ueberschrift\">Kanalizacja i budowle specjalne<\/h3><h4 class=\"unterschrift\">>> Wi\u0119cej<\/h4><\/div><\/div><\/a><\/div>\n\n<div class='Drittelseite'><a class=\"tilea01\" href=\"\/zakres-uslug\/pompownie\/\"><div class=\"frame\"><img class=Fill src=\"\/wp-content\/uploads\/2018\/11\/Button-Pumpwerke.jpg\"alt=\"Ingenieur Dienstleistungen zu Pumpwerken von Ingenieurb\u00fcro Dipl.-Ing. Przywecki und Partner\" ><div class=\"anim\"><h3 class=\"ueberschrift\">Pompownie (standardowe i pneumatyczne)<\/h3><h4 class=\"unterschrift\">>> Wi\u0119cej<\/h4><\/div><\/div><\/a><\/div>\n\n<div class=\"newline\"><\/div>\n<div class='Drittelseite'><a class=\"tilea01\" href=\"\/zakres-uslug\/zaopatrzenie-w-wode\/\"><div class=\"frame\"><img class=Fill src=\"\/wp-content\/uploads\/2018\/11\/Button-Wasserversorgung.jpg\"alt=\" Ingenieur Dienstleistungen zur Wasserversorgung von Ingenieurb\u00fcro Dipl.-Ing. Przywecki und Partner\" ><div class=\"anim\"><h3 class=\"ueberschrift\">Zaopatrzenie w wod\u0119<\/h3><h4 class=\"unterschrift\">>> Wi\u0119cej<\/h4><\/div><\/div><\/a><\/div>\n\n<div class='Drittelseite'><a class=\"tilea01\" href=\"\/zakres-uslug\/drogi-i-ulice\/\"><div class=\"frame\"><img class=Fill src=\"\/wp-content\/uploads\/2018\/11\/Button-Stra\u00dfen-und-Wege.jpg\"alt=\"Erschlie\u00dfungs- Ingenieur Dienstleistungen von Ingenieurb\u00fcro Dipl.-Ing. Przywecki und Partner\" ><div class=\"anim\"><h3 class=\"ueberschrift\">Drogi i ulice<\/h3><h4 class=\"unterschrift\">>> Wi\u0119cej<\/h4><\/div><\/div><\/a><\/div>\n\n<div class='Drittelseite'><a class=\"tilea01\" href=\"\/zakres-uslug\/ekspertyzy\/\"><div class=\"frame\"><img class=Fill src=\"\/wp-content\/uploads\/2018\/12\/Button-Gutachten.jpg\"alt=\"Ingenieur Gutachten von Ingenieurb\u00fcro Dipl.-Ing. Przywecki und Partner\" ><div class=\"anim\"><h3 class=\"ueberschrift\">Ekspertyzy<\/h3><h4 class=\"unterschrift\">>> Wi\u0119cej<\/h4><\/div><\/div><\/a><\/div>\n<\/div><\/div><\/div><\/div><div id=\"pg-2-1\"  class=\"panel-grid panel-has-style\" ><div class=\"singletrack panel-row-style panel-row-style-for-2-1\" ><div id=\"pgc-2-1-0\"  class=\"panel-grid-cell\" ><div id=\"panel-2-1-0-0\" class=\"so-panel widget widget_sow-editor panel-first-child panel-last-child\" data-index=\"1\" ><div class=\"so-widget-sow-editor so-widget-sow-editor-base\">\n<div class=\"siteorigin-widget-tinymce textwidget\">\n\t<h2>Oczyszczalnie \u015bciek\u00f3w<\/h2>\n<p>Nasze biuro posiada d\u0142ugoletnie do\u015bwiadczenie w projektowaniu nowych oraz przebudowie i modernizacji istniej\u0105cych oczyszczalni \u015bciek\u00f3w. \u2026<\/p>\n<p><a class=\"center\" href=\"\/zakres-uslug\/oczyszczalnie-sciekow\">>>> Wi\u0119cej<\/a><\/p>\n<h2 class=NewSection>Kanalizacja i budowle specjalne<\/h2>\n<p>Nasz\u0105 mocn\u0105 stron\u0105 s\u0105 hydrauliczne obliczenia przeci\u0105\u017conych sieci kanalizacyjnych i ich przystosowywanie do nowych wymaga\u0144,. \u2026<\/p>\n<p><a class=\"center\" href=\"\/zakres-uslug\/kanalizacja\">>>> Wi\u0119cej<\/a><\/p>\n<h2 class=NewSection>Pompownie (standardowe i pneumatyczne)<\/h2>\n<p>Projektujemy wszystkie rodzaje pompmpowni wyst\u0119puj\u0105cych w sieciach kanalizacyjnych i na oczyszczalniach \u015bciek\u00f3w. \u2026<\/p>\n<p><a class=\"center\" href=\"\/zakres-uslug\/pompownie\">>>> Wi\u0119cej<\/a><\/p>\n<h2 class=NewSection>Zaopatrzenie w wod\u0119<\/h2>\n<p>Wykonujemy generalne plany zaopatrzenia w wod\u0119 oraz wszelkiego rodzaju prace projektowe zwi\u0105zane z sieciemi wodoci\u0105gowymi. \u2026<\/p>\n<p><a class=\"center\" href=\"\/zakres-uslug\/zaopatrzenie-w-wode\">>>> Wi\u0119cej<\/a><\/p>\n<h2 class=NewSection>Drogi i ulice<\/h2>\n<p>Mamy bogate do\u015bwiadczenie w projektowaniu dr\u00f3g i ulic (projektowanie i nadz\u00f3r): \u2026<\/p>\n<p><a class=\"center\" href=\"\/zakres-uslug\/drogi-i-ulice\">>>> Wi\u0119cej<\/a><\/p>\n<h2 class=NewSection>Ekspertyzy<\/h2>\n<p>Wykonujemy fachowe ekspertyzy w dziedzinie oczyszczalni \u015bciek\u00f3w i pompowni \u015bciek\u00f3w.<br \/>\n\u2026<\/p>\n<p><a class=\"center\" href=\"\/zakres-uslug\/ekspertyzy\">>>> Wi\u0119cej<\/a><\/p>\n<\/div>\n<\/div><\/div><\/div><\/div><\/div><\/div>","protected":false},"excerpt":{"rendered":"<p>Oczyszczalnie \u015bciek\u00f3w Nasze biuro posiada d\u0142ugoletnie do\u015bwiadczenie w projektowaniu nowych oraz przebudowie i modernizacji istniej\u0105cych oczyszczalni \u015bciek\u00f3w. \u2026 >>> Wi\u0119cej Kanalizacja i budowle specjalne Nasz\u0105 mocn\u0105 stron\u0105 s\u0105 hydrauliczne obliczenia przeci\u0105\u017conych sieci kanalizacyjnych i ich przystosowywanie do nowych wymaga\u0144,. \u2026<\/p>\n","protected":false},"author":1,"featured_media":0,"parent":0,"menu_order":0,"comment_status":"closed","ping_status":"open","template":"","meta":[],"_links":{"self":[{"href":"https:\/\/ib-przywecki.de\/pl\/wp-json\/wp\/v2\/pages\/2"}],"collection":[{"href":"https:\/\/ib-przywecki.de\/pl\/wp-json\/wp\/v2\/pages"}],"about":[{"href":"https:\/\/ib-przywecki.de\/pl\/wp-json\/wp\/v2\/types\/page"}],"author":[{"embeddable":true,"href":"https:\/\/ib-przywecki.de\/pl\/wp-json\/wp\/v2\/users\/1"}],"replies":[{"embeddable":true,"href":"https:\/\/ib-przywecki.de\/pl\/wp-json\/wp\/v2\/comments?post=2"}],"version-history":[{"count":20,"href":"https:\/\/ib-przywecki.de\/pl\/wp-json\/wp\/v2\/pages\/2\/revisions"}],"predecessor-version":[{"id":132,"href":"https:\/\/ib-przywecki.de\/pl\/wp-json\/wp\/v2\/pages\/2\/revisions\/132"}],"wp:attachment":[{"href":"https:\/\/ib-przywecki.de\/pl\/wp-json\/wp\/v2\/media?parent=2"}],"curies":[{"name":"wp","href":"https:\/\/api.w.org\/{rel}","templated":true}]}}