{"id":18,"date":"2018-01-15T16:48:28","date_gmt":"2018-01-15T15:48:28","guid":{"rendered":"https:\/\/ib-przywecki.de\/pl?page_id=18"},"modified":"2018-11-16T20:39:34","modified_gmt":"2018-11-16T19:39:34","slug":"pompownie","status":"publish","type":"page","link":"https:\/\/ib-przywecki.de\/pl\/zakres-uslug\/pompownie\/","title":{"rendered":"Pompownie"},"content":{"rendered":"<div id=\"pl-18\"  class=\"panel-layout\" ><div id=\"pg-18-0\"  class=\"panel-grid panel-has-style\" ><div class=\"panel-row-style panel-row-style-for-18-0\" ><div id=\"pgc-18-0-0\"  class=\"panel-grid-cell\" ><div id=\"panel-18-0-0-0\" class=\"so-panel widget widget_sow-editor panel-first-child panel-last-child\" data-index=\"0\" ><div class=\"so-widget-sow-editor so-widget-sow-editor-base\">\n<div class=\"siteorigin-widget-tinymce textwidget\">\n\t<p><img class=\"Fill8\" src=\"\/wp-content\/uploads\/sites\/2\/2018\/11\/Pumpwerke-PL.jpg\" alt=\"Biuro in\u017cynierskie Dipl.-Ing. Przywecki & Partner und Partner \u2013 Pompownie\" \/><\/p>\n<\/div>\n<\/div><\/div><\/div><div id=\"pgc-18-0-1\"  class=\"panel-grid-cell\" ><div id=\"panel-18-0-1-0\" class=\"so-panel widget widget_sow-editor panel-first-child panel-last-child\" data-index=\"1\" ><div class=\"so-widget-sow-editor so-widget-sow-editor-base\">\n<div class=\"siteorigin-widget-tinymce textwidget\">\n\t<p>Projektujemy wszystkie rodzaje pompmpowni wyst\u0119puj\u0105cych w sieciach kanalizacyjnych i na oczyszczalniach \u015bciek\u00f3w.<\/p>\n<p>Zawsze zwracamy uwag\u0119 na mo\u017cliwo\u015b\u0107 zagniwania \u015bciek\u00f3w i powstawania siarkowodoru w przewodach t\u0142ocznych o d\u0142ugim czasie zatrzymania. W razie konieczno\u015bci zapobiegamy tym zjawiskom stosuj\u0105c np. stacje przedmuchu spr\u0119\u017conym powietrzem lub pompownie pneumatyczne.<\/p>\n<\/div>\n<\/div><\/div><\/div><\/div><\/div><\/div>","protected":false},"excerpt":{"rendered":"<p>Projektujemy wszystkie rodzaje pompmpowni wyst\u0119puj\u0105cych w sieciach kanalizacyjnych i na oczyszczalniach \u015bciek\u00f3w. Zawsze zwracamy uwag\u0119 na mo\u017cliwo\u015b\u0107 zagniwania \u015bciek\u00f3w i powstawania siarkowodoru w przewodach t\u0142ocznych o d\u0142ugim czasie zatrzymania. W razie konieczno\u015bci zapobiegamy tym zjawiskom stosuj\u0105c np. stacje przedmuchu spr\u0119\u017conym<\/p>\n","protected":false},"author":1,"featured_media":0,"parent":6,"menu_order":0,"comment_status":"closed","ping_status":"closed","template":"","meta":[],"_links":{"self":[{"href":"https:\/\/ib-przywecki.de\/pl\/wp-json\/wp\/v2\/pages\/18"}],"collection":[{"href":"https:\/\/ib-przywecki.de\/pl\/wp-json\/wp\/v2\/pages"}],"about":[{"href":"https:\/\/ib-przywecki.de\/pl\/wp-json\/wp\/v2\/types\/page"}],"author":[{"embeddable":true,"href":"https:\/\/ib-przywecki.de\/pl\/wp-json\/wp\/v2\/users\/1"}],"replies":[{"embeddable":true,"href":"https:\/\/ib-przywecki.de\/pl\/wp-json\/wp\/v2\/comments?post=18"}],"version-history":[{"count":5,"href":"https:\/\/ib-przywecki.de\/pl\/wp-json\/wp\/v2\/pages\/18\/revisions"}],"predecessor-version":[{"id":104,"href":"https:\/\/ib-przywecki.de\/pl\/wp-json\/wp\/v2\/pages\/18\/revisions\/104"}],"up":[{"embeddable":true,"href":"https:\/\/ib-przywecki.de\/pl\/wp-json\/wp\/v2\/pages\/6"}],"wp:attachment":[{"href":"https:\/\/ib-przywecki.de\/pl\/wp-json\/wp\/v2\/media?parent=18"}],"curies":[{"name":"wp","href":"https:\/\/api.w.org\/{rel}","templated":true}]}}