{"id":14,"date":"2018-01-15T16:47:22","date_gmt":"2018-01-15T15:47:22","guid":{"rendered":"https:\/\/ib-przywecki.de\/pl?page_id=14"},"modified":"2018-12-19T13:38:34","modified_gmt":"2018-12-19T12:38:34","slug":"kanalizacja-i-budowle-specjalne","status":"publish","type":"page","link":"https:\/\/ib-przywecki.de\/pl\/zakres-uslug\/kanalizacja-i-budowle-specjalne\/","title":{"rendered":"Kanalizacja i budowle specjalne"},"content":{"rendered":"<div id=\"pl-14\"  class=\"panel-layout\" ><div id=\"pg-14-0\"  class=\"panel-grid panel-has-style\" ><div class=\"panel-row-style panel-row-style-for-14-0\" ><div id=\"pgc-14-0-0\"  class=\"panel-grid-cell\" ><div id=\"panel-14-0-0-0\" class=\"so-panel widget widget_sow-editor panel-first-child panel-last-child\" data-index=\"0\" ><div class=\"so-widget-sow-editor so-widget-sow-editor-base\">\n<div class=\"siteorigin-widget-tinymce textwidget\">\n\t<p><img class=\"Fill6\" src=\"\/wp-content\/uploads\/sites\/2\/2018\/11\/Kanalisation-PL.jpg\" alt=\"Biuro in\u017cynierskie Dipl.-Ing. Przywecki & Partner \u2013 Kanalizacja i budowle specjalne\" \/><\/p>\n<\/div>\n<\/div><\/div><\/div><div id=\"pgc-14-0-1\"  class=\"panel-grid-cell\" ><div id=\"panel-14-0-1-0\" class=\"so-panel widget widget_sow-editor panel-first-child panel-last-child\" data-index=\"1\" ><div class=\"so-widget-sow-editor so-widget-sow-editor-base\">\n<div class=\"siteorigin-widget-tinymce textwidget\">\n\t<p><img class=\"Fill5 widescreen\" src=\"\/wp-content\/uploads\/2018\/01\/Raumspanner1.jpg\" alt=\"Ingenieurb\u00fcro Dipl.-Ing. Przywecki und Partner\" \/><\/p>\n<ul>\n<li>Projekty nowych kanalizacji i przebudowy oraz renowacji kanalizacji<\/li>\n<li>Projektowanie budowli specjalnych w kanalizacji<\/li>\n<li>Generalne plany odwodnienia<\/li>\n<li>Kanalizacja podci\u015bnieniowa<\/li>\n<li>Kanalizacja t\u0142oczna<\/li>\n<li>Projektowanie rozs\u0105czania w\u00f3d opadowych<\/li>\n<\/ul>\n<\/div>\n<\/div><\/div><\/div><\/div><\/div><div id=\"pg-14-1\"  class=\"panel-grid panel-no-style\" ><div id=\"pgc-14-1-0\"  class=\"panel-grid-cell\" ><div id=\"panel-14-1-0-0\" class=\"so-panel widget widget_sow-editor panel-first-child panel-last-child\" data-index=\"2\" ><div class=\"panel-widget-style panel-widget-style-for-14-1-0-0\" ><div class=\"so-widget-sow-editor so-widget-sow-editor-base\">\n<div class=\"siteorigin-widget-tinymce textwidget\">\n\t<p>Nasz\u0105 mocn\u0105 stron\u0105 s\u0105 hydrauliczne obliczenia przeci\u0105\u017conych sieci kanalizacyjnych i ich przystosowywanie do nowych wymaga\u0144, jak r\u00f3wnie\u017c projektowanie nowych budowli specjalnych w systemach kanalizacyjnych i przystosowanie istniej\u0105cych do nowych wymaga\u0144.<\/p>\n<p>Szczeg\u00f3lnie wyr\u00f3\u017cniamy si\u0119 pragmatycznym i ekonomicznym projektowaniem, a tak\u017ce elastycznym dopasowaniem rozwi\u0105za\u0144 projekt\u00f3w do warunk\u00f3w istniej\u0105cych i wymaga\u0144 klienta.<\/p>\n<\/div>\n<\/div><\/div><\/div><\/div><\/div><\/div>","protected":false},"excerpt":{"rendered":"<p>Projekty nowych kanalizacji i przebudowy oraz renowacji kanalizacji Projektowanie budowli specjalnych w kanalizacji Generalne plany odwodnienia Kanalizacja podci\u015bnieniowa Kanalizacja t\u0142oczna Projektowanie rozs\u0105czania w\u00f3d opadowych Nasz\u0105 mocn\u0105 stron\u0105 s\u0105 hydrauliczne obliczenia przeci\u0105\u017conych sieci kanalizacyjnych i ich przystosowywanie do nowych wymaga\u0144, jak<\/p>\n","protected":false},"author":1,"featured_media":0,"parent":6,"menu_order":0,"comment_status":"closed","ping_status":"closed","template":"","meta":[],"_links":{"self":[{"href":"https:\/\/ib-przywecki.de\/pl\/wp-json\/wp\/v2\/pages\/14"}],"collection":[{"href":"https:\/\/ib-przywecki.de\/pl\/wp-json\/wp\/v2\/pages"}],"about":[{"href":"https:\/\/ib-przywecki.de\/pl\/wp-json\/wp\/v2\/types\/page"}],"author":[{"embeddable":true,"href":"https:\/\/ib-przywecki.de\/pl\/wp-json\/wp\/v2\/users\/1"}],"replies":[{"embeddable":true,"href":"https:\/\/ib-przywecki.de\/pl\/wp-json\/wp\/v2\/comments?post=14"}],"version-history":[{"count":6,"href":"https:\/\/ib-przywecki.de\/pl\/wp-json\/wp\/v2\/pages\/14\/revisions"}],"predecessor-version":[{"id":141,"href":"https:\/\/ib-przywecki.de\/pl\/wp-json\/wp\/v2\/pages\/14\/revisions\/141"}],"up":[{"embeddable":true,"href":"https:\/\/ib-przywecki.de\/pl\/wp-json\/wp\/v2\/pages\/6"}],"wp:attachment":[{"href":"https:\/\/ib-przywecki.de\/pl\/wp-json\/wp\/v2\/media?parent=14"}],"curies":[{"name":"wp","href":"https:\/\/api.w.org\/{rel}","templated":true}]}}