{"id":12,"date":"2018-01-15T16:46:45","date_gmt":"2018-01-15T15:46:45","guid":{"rendered":"https:\/\/ib-przywecki.de\/pl?page_id=12"},"modified":"2018-12-19T13:37:08","modified_gmt":"2018-12-19T12:37:08","slug":"oczyszczalnie-sciekow","status":"publish","type":"page","link":"https:\/\/ib-przywecki.de\/pl\/zakres-uslug\/oczyszczalnie-sciekow\/","title":{"rendered":"Oczyszczalnie \u015bciek\u00f3w"},"content":{"rendered":"<div id=\"pl-12\"  class=\"panel-layout\" ><div id=\"pg-12-0\"  class=\"panel-grid panel-has-style\" ><div class=\"panel-row-style panel-row-style-for-12-0\" ><div id=\"pgc-12-0-0\"  class=\"panel-grid-cell\" ><div id=\"panel-12-0-0-0\" class=\"so-panel widget widget_sow-editor panel-first-child panel-last-child\" data-index=\"0\" ><div class=\"so-widget-sow-editor so-widget-sow-editor-base\">\n<div class=\"siteorigin-widget-tinymce textwidget\">\n\t<p><img class=\"Fill9\" src=\"\/wp-content\/uploads\/sites\/2\/2018\/11\/Kl\u00e4ranlagen-PL.jpg\" alt=\"Biuro in\u017cynierskie Dipl.-Ing. Przywecki & Partner \u2013 Oczyszczalnie \u015bciek\u00f3w\" \/><\/p>\n<\/div>\n<\/div><\/div><\/div><div id=\"pgc-12-0-1\"  class=\"panel-grid-cell\" ><div id=\"panel-12-0-1-0\" class=\"so-panel widget widget_sow-editor panel-first-child panel-last-child\" data-index=\"1\" ><div class=\"so-widget-sow-editor so-widget-sow-editor-base\">\n<div class=\"siteorigin-widget-tinymce textwidget\">\n\t<p><img class=\"Fill5 widescreen\" src=\"\/wp-content\/uploads\/2018\/01\/Raumspanner1.jpg\" alt=\"Ingenieurb\u00fcro Dipl.-Ing. Przywecki und Partner\"\/><\/p>\n<ul>\n<li>Wymiarowanie oczyszczalni \u015bciek\u00f3w<\/li>\n<li>Modernizacja istniej\u0105cych oczyszczalni \u015bciek\u00f3w<\/li>\n<li>Wielowariantowe koncepcje budowy nowych i unowocze\u015bnienia istniej\u0105cych oczyszczalni \u015bciek\u00f3w<\/li>\n<li>Obiekty gospodarki osadowej<\/li>\n<li>Urz\u0105dzenia do eliminacji azotu z w\u00f3d poosadowych metod\u0105 Anammox<\/li>\n<\/ul>\n<\/div>\n<\/div><\/div><\/div><\/div><\/div><div id=\"pg-12-1\"  class=\"panel-grid panel-has-style\" ><div class=\"panel-row-style panel-row-style-for-12-1\" ><div id=\"pgc-12-1-0\"  class=\"panel-grid-cell\" ><div id=\"panel-12-1-0-0\" class=\"so-panel widget widget_sow-editor panel-first-child panel-last-child\" data-index=\"2\" ><div class=\"so-widget-sow-editor so-widget-sow-editor-base\">\n<div class=\"siteorigin-widget-tinymce textwidget\">\n\t<p>Nasze biuro posiada d\u0142ugoletnie do\u015bwiadczenie w projektowaniu nowych oraz przebudowie i modernizacji istniej\u0105cych oczyszczalni \u015bciek\u00f3w.<\/p>\n<p>Przy wsp\u00f3\u0142pracy z projektantami urz\u0105dze\u0144 elektrotechnicznych, automatyzacji i sterowania oraz z biurem konstrukcyjnym jeste\u015bmy w stanie wykonywa\u0107 kompletne projekty.<\/p>\n<p>Zgodnie z naszym najwi\u0119kszym do\u015bwiadczeniem najlepsze projekty powstaj\u0105 przy wsp\u00f3\u0142pracy biura in\u017cynieskiego z personelem eksploatacyjnym zleceniodawcy. Dlatego te\u017c nasze projekty s\u0105 na ka\u017cdym etapie konsultowane ze zleceniodawc\u0105 i jego personelem eksploatacyjnycm.<\/p>\n<\/div>\n<\/div><\/div><\/div><\/div><\/div><\/div>","protected":false},"excerpt":{"rendered":"<p>Wymiarowanie oczyszczalni \u015bciek\u00f3w Modernizacja istniej\u0105cych oczyszczalni \u015bciek\u00f3w Wielowariantowe koncepcje budowy nowych i unowocze\u015bnienia istniej\u0105cych oczyszczalni \u015bciek\u00f3w Obiekty gospodarki osadowej Urz\u0105dzenia do eliminacji azotu z w\u00f3d poosadowych metod\u0105 Anammox Nasze biuro posiada d\u0142ugoletnie do\u015bwiadczenie w projektowaniu nowych oraz przebudowie i modernizacji<\/p>\n","protected":false},"author":1,"featured_media":0,"parent":6,"menu_order":0,"comment_status":"closed","ping_status":"closed","template":"","meta":[],"_links":{"self":[{"href":"https:\/\/ib-przywecki.de\/pl\/wp-json\/wp\/v2\/pages\/12"}],"collection":[{"href":"https:\/\/ib-przywecki.de\/pl\/wp-json\/wp\/v2\/pages"}],"about":[{"href":"https:\/\/ib-przywecki.de\/pl\/wp-json\/wp\/v2\/types\/page"}],"author":[{"embeddable":true,"href":"https:\/\/ib-przywecki.de\/pl\/wp-json\/wp\/v2\/users\/1"}],"replies":[{"embeddable":true,"href":"https:\/\/ib-przywecki.de\/pl\/wp-json\/wp\/v2\/comments?post=12"}],"version-history":[{"count":7,"href":"https:\/\/ib-przywecki.de\/pl\/wp-json\/wp\/v2\/pages\/12\/revisions"}],"predecessor-version":[{"id":140,"href":"https:\/\/ib-przywecki.de\/pl\/wp-json\/wp\/v2\/pages\/12\/revisions\/140"}],"up":[{"embeddable":true,"href":"https:\/\/ib-przywecki.de\/pl\/wp-json\/wp\/v2\/pages\/6"}],"wp:attachment":[{"href":"https:\/\/ib-przywecki.de\/pl\/wp-json\/wp\/v2\/media?parent=12"}],"curies":[{"name":"wp","href":"https:\/\/api.w.org\/{rel}","templated":true}]}}