{"id":10,"date":"2018-01-15T16:45:43","date_gmt":"2018-01-15T15:45:43","guid":{"rendered":"https:\/\/ib-przywecki.de\/pl?page_id=10"},"modified":"2018-12-19T19:41:23","modified_gmt":"2018-12-19T18:41:23","slug":"impressum","status":"publish","type":"page","link":"https:\/\/ib-przywecki.de\/pl\/impressum\/","title":{"rendered":"Impressum"},"content":{"rendered":"<div id=\"pl-10\"  class=\"panel-layout\" ><div id=\"pg-10-0\"  class=\"panel-grid panel-has-style\" ><div class=\"panel-row-style panel-row-style-for-10-0\" ><div id=\"pgc-10-0-0\"  class=\"panel-grid-cell\" ><div id=\"panel-10-0-0-0\" class=\"so-panel widget widget_sow-editor panel-first-child panel-last-child\" data-index=\"0\" ><div class=\"so-widget-sow-editor so-widget-sow-editor-base\">\n<div class=\"siteorigin-widget-tinymce textwidget\">\n\t<p>Siedziba firmy jest w Niemczech. Strona dotycz\u0105ca impressum opiera si\u0119 na prawie niemieckim i dlatego jest zapisana po niemiecku.<\/p>\n<h2>Angaben gem\u00e4\u00df \u00a7 5 TMG<\/h2>\n<\/div>\n<\/div><\/div><\/div><\/div><\/div><div id=\"pg-10-1\"  class=\"panel-grid panel-has-style\" ><div class=\"panel-row-style panel-row-style-for-10-1\" ><div id=\"pgc-10-1-0\"  class=\"panel-grid-cell\" ><div id=\"panel-10-1-0-0\" class=\"so-panel widget widget_sow-editor panel-first-child panel-last-child\" data-index=\"1\" ><div class=\"so-widget-sow-editor so-widget-sow-editor-base\">\n<div class=\"siteorigin-widget-tinymce textwidget\">\n\t<table class=contactdata>\n<tbody>\n<tr>\n<td class=col0><strong> Ingenieurb\u00fcro Dipl.-Ing. Przywecki und Partner<\/strong><\/td>\n<\/tr>\n<tr>\n<td class=col0>Industriestra\u00dfe 31<\/td>\n<\/tr>\n<tr>\n<td class=col0>D-82194 Gr\u00f6benzell<\/td>\n<\/tr>\n<tr>\n<td class=col0>&nbsp;<\/td>\n<\/tr>\n<tr>\n<td class=col0><strong>Vertreten durch<\/strong><\/td>\n<\/tr>\n<tr>\n<td class=col0> Wojciech Przywecki<\/td>\n<\/tr>\n<tr>\n<td class=col0>&nbsp;<\/td>\n<\/tr>\n<tr>\n<td class=col0><strong>Kontakt<\/strong><\/td>\n<\/tr>\n<tr>\n<td class=col1>Telefon<\/td>\n<td class=col2><a href=\"tel:+4981426527390\">+49 8142 652 73 90<\/a><\/td>\n<\/tr>\n<tr>\n<td class=col1>E-Mail<\/td>\n<td class=col2><a href=\"mailto:wp@ib-przywecki.de\">wp@ib-przywecki.de<\/a><\/td>\n<\/tr>\n<\/tbody>\n<\/table>\n<\/div>\n<\/div><\/div><\/div><div id=\"pgc-10-1-1\"  class=\"panel-grid-cell\" ><div id=\"panel-10-1-1-0\" class=\"so-panel widget widget_sow-editor panel-first-child panel-last-child\" data-index=\"2\" ><div class=\"so-widget-sow-editor so-widget-sow-editor-base\">\n<div class=\"siteorigin-widget-tinymce textwidget\">\n\t<table class=contactdata>\n<tbody>\n<tr>\n<td class=col0><strong>Umsatzsteuer-ID<\/strong><\/td>\n<\/tr>\n<tr>\n<td class=col0>Umsatzsteuer-Identifikationsnummer gem\u00e4\u00df \u00a727a Umsatzsteuergesetz<\/td>\n<\/tr>\n<tr>\n<td class=col0>DE 128260930<\/td>\n<\/tr>\n<tr>\n<td class=col0>&nbsp;<\/td>\n<\/tr>\n<tr>\n<td class=col0><strong>Verantwortlich f\u00fcr den Inhalt nach \u00a7 55 Abs. 2 RStV<\/strong><\/td>\n<\/tr>\n<tr>\n<td class=col0>Wojciech Przywecki<\/td>\n<\/tr>\n<tr>\n<td class=col0>Industriestra\u00dfe 31<\/td>\n<\/tr>\n<tr>\n<td class=col0>D-82194 Gr\u00f6benzell<\/td>\n<\/tr>\n<\/tbody>\n<\/table>\n<\/div>\n<\/div><\/div><\/div><\/div><\/div><div id=\"pg-10-2\"  class=\"panel-grid panel-has-style\" ><div class=\"panel-row-style panel-row-style-for-10-2\" ><div id=\"pgc-10-2-0\"  class=\"panel-grid-cell\" ><div id=\"panel-10-2-0-0\" class=\"so-panel widget widget_sow-editor panel-first-child panel-last-child\" data-index=\"3\" ><div class=\"so-widget-sow-editor so-widget-sow-editor-base\">\n<div class=\"siteorigin-widget-tinymce textwidget\">\n\t<h2>Haftungsausschluss <\/h2>\n<\/div>\n<\/div><\/div><\/div><\/div><\/div><div id=\"pg-10-3\"  class=\"panel-grid panel-has-style\" ><div class=\"panel-row-style panel-row-style-for-10-3\" ><div id=\"pgc-10-3-0\"  class=\"panel-grid-cell\" ><div id=\"panel-10-3-0-0\" class=\"so-panel widget widget_sow-editor panel-first-child panel-last-child\" data-index=\"4\" ><div class=\"so-widget-sow-editor so-widget-sow-editor-base\">\n<div class=\"siteorigin-widget-tinymce textwidget\">\n\t<h3>Haftung f\u00fcr Inhalte<\/h3>\n<p>Die Inhalte unserer Seiten wurden mit gr\u00f6\u00dfter Sorgfalt erstellt. F\u00fcr die Richtigkeit, Vollst\u00e4ndigkeit und Aktualit\u00e4t der Inhalte k\u00f6nnen wir jedoch keine Gew\u00e4hr \u00fcbernehmen. Als Diensteanbieter sind wir gem\u00e4\u00df \u00a7 7 Abs.1 TMG f\u00fcr eigene Inhalte auf diesen Seiten nach den allgemeinen Gesetzen verantwortlich. Nach \u00a7\u00a7 8 bis 10 TMG sind wir als Diensteanbieter jedoch nicht verpflichtet, \u00fcbermittelte oder gespeicherte fremde Informationen zu \u00fcberwachen oder nach Umst\u00e4nden zu forschen, die auf eine rechtswidrige T\u00e4tigkeit hinweisen. <\/p>\n<p>Verpflichtungen zur Entfernung oder Sperrung der Nutzung von Informationen nach den allgemeinen Gesetzen bleiben hiervon unber\u00fchrt. Eine diesbez\u00fcgliche Haftung ist jedoch erst ab dem Zeitpunkt der Kenntnis einer konkreten Rechtsverletzung m\u00f6glich. Bei Bekanntwerden von entsprechenden Rechtsverletzungen werden wir diese Inhalte umgehend entfernen.<\/p>\n<\/div>\n<\/div><\/div><\/div><div id=\"pgc-10-3-1\"  class=\"panel-grid-cell\" ><div id=\"panel-10-3-1-0\" class=\"so-panel widget widget_sow-editor panel-first-child panel-last-child\" data-index=\"5\" ><div class=\"so-widget-sow-editor so-widget-sow-editor-base\">\n<div class=\"siteorigin-widget-tinymce textwidget\">\n\t<h3>Haftung f\u00fcr Links<\/h3>\n<p>Unser Angebot enth\u00e4lt Links zu externen Webseiten Dritter, auf deren Inhalte wir keinen Einfluss haben. Deshalb k\u00f6nnen wir f\u00fcr diese fremden Inhalte auch keine Gew\u00e4hr \u00fcbernehmen. F\u00fcr die Inhalte der verlinkten Seiten ist stets der jeweilige Anbieter oder Betreiber der Seiten verantwortlich. Die verlinkten Seiten wurden zum Zeitpunkt der Verlinkung auf m\u00f6gliche Rechtsverst\u00f6\u00dfe \u00fcberpr\u00fcft. <\/p>\n<p>Rechtswidrige Inhalte waren zum Zeitpunkt der Verlinkung nicht erkennbar. Eine permanente inhaltliche Kontrolle der verlinkten Seiten ist jedoch ohne konkrete Anhaltspunkte einer Rechtsverletzung nicht zumutbar. Bei Bekanntwerden von Rechtsverletzungen werden wir derartige Links umgehend entfernen.<\/p>\n<\/div>\n<\/div><\/div><\/div><div id=\"pgc-10-3-2\"  class=\"panel-grid-cell\" ><div id=\"panel-10-3-2-0\" class=\"so-panel widget widget_sow-editor panel-first-child panel-last-child\" data-index=\"6\" ><div class=\"so-widget-sow-editor so-widget-sow-editor-base\">\n<div class=\"siteorigin-widget-tinymce textwidget\">\n\t<h3>Urheberrecht<\/h3>\n<p>Die durch die Seitenbetreiber erstellten Inhalte und Werke auf diesen Seiten unterliegen dem deutschen Urheberrecht. Die Vervielf\u00e4ltigung, Bearbeitung, Verbreitung und jede Art der Verwertung au\u00dferhalb der Grenzen des Urheberrechtes bed\u00fcrfen der schriftlichen Zustimmung des jeweiligen Autors bzw. Erstellers. Downloads und Kopien dieser Seite sind nur f\u00fcr den privaten, nicht kommerziellen Gebrauch gestattet. <\/p>\n<p>Soweit die Inhalte auf dieser Seite nicht vom Betreiber erstellt wurden, werden die Urheberrechte Dritter beachtet. Insbesondere werden Inhalte Dritter als solche gekennzeichnet. Sollten Sie trotzdem auf eine Urheberrechtsverletzung aufmerksam werden, bitten wir um einen entsprechenden Hinweis. Bei Bekanntwerden von Rechtsverletzungen werden wir derartige Inhalte umgehend entfernen.<\/p>\n<\/div>\n<\/div><\/div><\/div><\/div><\/div><div id=\"pg-10-4\"  class=\"panel-grid panel-has-style\" ><div class=\"panel-row-style panel-row-style-for-10-4\" ><div id=\"pgc-10-4-0\"  class=\"panel-grid-cell\" ><div id=\"panel-10-4-0-0\" class=\"so-panel widget widget_sow-editor panel-first-child panel-last-child\" data-index=\"7\" ><div class=\"so-widget-sow-editor so-widget-sow-editor-base\">\n<div class=\"siteorigin-widget-tinymce textwidget\">\n\t<h2>Sonstiges<\/h2>\n<\/div>\n<\/div><\/div><\/div><\/div><\/div><div id=\"pg-10-5\"  class=\"panel-grid panel-has-style\" ><div class=\"panel-row-style panel-row-style-for-10-5\" ><div id=\"pgc-10-5-0\"  class=\"panel-grid-cell\" ><div id=\"panel-10-5-0-0\" class=\"so-panel widget widget_sow-editor panel-first-child panel-last-child\" data-index=\"8\" ><div class=\"so-widget-sow-editor so-widget-sow-editor-base\">\n<div class=\"siteorigin-widget-tinymce textwidget\">\n\t<p>Diese Website wurde konzipiert und umgesetzt von der Firma <a href=\"https:\/\/datenwege-informatik.de\/\" target=blank>Datenwege Informatik<\/a><\/p>\n<\/div>\n<\/div><\/div><\/div><div id=\"pgc-10-5-1\"  class=\"panel-grid-cell\" ><div id=\"panel-10-5-1-0\" class=\"so-panel widget widget_sow-editor panel-first-child panel-last-child\" data-index=\"9\" ><div class=\"so-widget-sow-editor so-widget-sow-editor-base\">\n<div class=\"siteorigin-widget-tinymce textwidget\">\n\t<p>Das Impressum dieser Website wurde mit dem <a href=\"https:\/\/www.impressum-generator.de\/\" target=blank>Impressum Generator<\/a> der <a href=\"https:\/\/www.kanzlei-hasselbach.de\" rel=\"nofollow\" target=blank>Kanzlei Hasselbach<\/a> erstellt.<\/p>\n<\/div>\n<\/div><\/div><\/div><\/div><\/div><\/div>","protected":false},"excerpt":{"rendered":"<p>Siedziba firmy jest w Niemczech. Strona dotycz\u0105ca impressum opiera si\u0119 na prawie niemieckim i dlatego jest zapisana po niemiecku. Angaben gem\u00e4\u00df \u00a7 5 TMG Ingenieurb\u00fcro Dipl.-Ing. Przywecki und Partner Industriestra\u00dfe 31 D-82194 Gr\u00f6benzell &nbsp; Vertreten durch Wojciech Przywecki &nbsp; Kontakt<\/p>\n","protected":false},"author":1,"featured_media":0,"parent":0,"menu_order":0,"comment_status":"closed","ping_status":"closed","template":"","meta":[],"_links":{"self":[{"href":"https:\/\/ib-przywecki.de\/pl\/wp-json\/wp\/v2\/pages\/10"}],"collection":[{"href":"https:\/\/ib-przywecki.de\/pl\/wp-json\/wp\/v2\/pages"}],"about":[{"href":"https:\/\/ib-przywecki.de\/pl\/wp-json\/wp\/v2\/types\/page"}],"author":[{"embeddable":true,"href":"https:\/\/ib-przywecki.de\/pl\/wp-json\/wp\/v2\/users\/1"}],"replies":[{"embeddable":true,"href":"https:\/\/ib-przywecki.de\/pl\/wp-json\/wp\/v2\/comments?post=10"}],"version-history":[{"count":9,"href":"https:\/\/ib-przywecki.de\/pl\/wp-json\/wp\/v2\/pages\/10\/revisions"}],"predecessor-version":[{"id":146,"href":"https:\/\/ib-przywecki.de\/pl\/wp-json\/wp\/v2\/pages\/10\/revisions\/146"}],"wp:attachment":[{"href":"https:\/\/ib-przywecki.de\/pl\/wp-json\/wp\/v2\/media?parent=10"}],"curies":[{"name":"wp","href":"https:\/\/api.w.org\/{rel}","templated":true}]}}